{"id":7145,"date":"2024-02-05T13:54:55","date_gmt":"2024-02-05T11:54:55","guid":{"rendered":"https:\/\/beautypro.lv\/?post_type=product&#038;p=7145"},"modified":"2024-07-01T23:36:32","modified_gmt":"2024-07-01T20:36:32","slug":"mink-collection-0-10-2","status":"publish","type":"product","link":"https:\/\/beautypro.lv\/en\/product\/mink-collection-0-10-2\/","title":{"rendered":"Mink Collection 0.10"},"content":{"rendered":"<p>Iepaz\u012bsties ar m\u016bsu jaunaj\u0101m skropst\u0101m!<\/p>\n<p>M\u0113s esam atlas\u012bju\u0161i izcilas kvalit\u0101tes skropstas, ar kur\u0101m J\u016bs sp\u0113siet \u0101tri un \u0113rti izveidot jebkura apjoma pu\u0161\u0137\u012b\u0161us. Augstas kvalit\u0101tes skropstas ir pan\u0101kumu atsl\u0113ga, lai k\u013c\u016btu par profesion\u0101lu meistaru.<\/p>\n<p>M\u016bsu \u201c<b>Mink collection<\/b>\u201d skropstu l\u012bnija:<\/p>\n<ul>\n<li>Piesatin\u0101ti meln\u0101 kr\u0101s\u0101;<\/li>\n<li>Lente ir gai\u0161i br\u016bn\u0101 kr\u0101s\u0101, 2mm bieza, lip\u012bga;<\/li>\n<li><span style=\"color: #151617;\">Skropstu lente ar foliju;<\/span><\/li>\n<li>\u013boti viegli veidoj\u0101s pu\u0161\u0137\u012b\u0161i da\u017e\u0101d\u0101s tehnik\u0101s, piem\u0113rota ar\u012b rokas tehnikai;<\/li>\n<li>Skropstas nedeform\u0113j\u0101s pie augstas temperat\u016bras;<\/li>\n<li>Kast\u0113\u00a0<b>16<\/b>\u00a0skropstu l\u012bnijas<\/li>\n<li>Mix iepakojumos izm\u0113ros no\u00a0<b>7mm<\/b>\u00a0\u2013\u00a0<b>14mm<\/b>;<\/li>\n<li>Pieejami atsevi\u0161\u0137ie garumi no\u00a0<b>6mm<\/b>\u00a0&#8211;\u00a0<b>15mm<\/b>;<\/li>\n<li>Pieejami \u0161\u0101dos izliekumos:\u00a0<b>C, D.<\/b><\/li>\n<\/ul>\n","protected":false},"excerpt":{"rendered":"<p>Iepaz\u012bsties ar m\u016bsu jaunaj\u0101m skropst\u0101m!<\/p>\n<p>M\u0113s esam atlas\u012bju\u0161i izcilas kvalit\u0101tes skropstas, ar kur\u0101m J\u016bs sp\u0113siet \u0101tri un \u0113rti izveidot jebkura apjoma pu\u0161\u0137\u012b\u0161us. Augstas kvalit\u0101tes skropstas ir pan\u0101kumu atsl\u0113ga, lai k\u013c\u016btu par profesion\u0101lu meistaru.<\/p>\n<p>M\u016bsu \u201c<b>Mink collection<\/b>\u201d skropstu l\u012bnija:<\/p>\n<ul>\n<li>Piesatin\u0101ti meln\u0101 kr\u0101s\u0101;<\/li>\n<li>Lente ir gai\u0161i br\u016bn\u0101 kr\u0101s\u0101, 2mm bieza, lip\u012bga;<\/li>\n<li><span style=\"color: #151617;\">Skropstu lente ar foliju;<\/span><\/li>\n<li>\u013boti viegli veidoj\u0101s pu\u0161\u0137\u012b\u0161i da\u017e\u0101d\u0101s tehnik\u0101s, piem\u0113rota ar\u012b rokas tehnikai;<\/li>\n<li>Skropstas nedeform\u0113j\u0101s pie augstas temperat\u016bras;<\/li>\n<li>Kast\u0113\u00a0<b>16<\/b>\u00a0skropstu l\u012bnijas<\/li>\n<li>Mix iepakojumos izm\u0113ros no\u00a0<b>7mm<\/b>\u00a0\u2013\u00a0<b>14mm<\/b>;<\/li>\n<li>Pieejami atsevi\u0161\u0137ie garumi no\u00a0<b>6mm<\/b>\u00a0&#8211;\u00a0<b>15mm<\/b>;<\/li>\n<li>Pieejami \u0161\u0101dos izliekumos:\u00a0<b>C, D.<\/b><\/li>\n<\/ul>\n","protected":false},"featured_media":7032,"comment_status":"open","ping_status":"closed","template":"","meta":{"jetpack_publicize_message":"","jetpack_publicize_feature_enabled":true,"jetpack_social_post_already_shared":true,"jetpack_social_options":{"image_generator_settings":{"template":"highway","default_image_id":0,"font":"","enabled":false},"version":2},"_wpas_customize_per_network":false},"product_brand":[],"product_cat":[1785,1810],"product_tag":[],"class_list":{"0":"post-7145","1":"product","2":"type-product","3":"status-publish","4":"has-post-thumbnail","6":"product_cat-eyelashes","7":"product_cat-mink-collection-beauty-pro-lv-en","9":"first","10":"instock","11":"sale","12":"taxable","13":"shipping-taxable","14":"purchasable","15":"product-type-variable"},"jetpack_publicize_connections":[],"jetpack_sharing_enabled":true,"_links":{"self":[{"href":"https:\/\/beautypro.lv\/en\/wp-json\/wp\/v2\/product\/7145","targetHints":{"allow":["GET"]}}],"collection":[{"href":"https:\/\/beautypro.lv\/en\/wp-json\/wp\/v2\/product"}],"about":[{"href":"https:\/\/beautypro.lv\/en\/wp-json\/wp\/v2\/types\/product"}],"replies":[{"embeddable":true,"href":"https:\/\/beautypro.lv\/en\/wp-json\/wp\/v2\/comments?post=7145"}],"version-history":[{"count":2,"href":"https:\/\/beautypro.lv\/en\/wp-json\/wp\/v2\/product\/7145\/revisions"}],"predecessor-version":[{"id":7147,"href":"https:\/\/beautypro.lv\/en\/wp-json\/wp\/v2\/product\/7145\/revisions\/7147"}],"wp:featuredmedia":[{"embeddable":true,"href":"https:\/\/beautypro.lv\/en\/wp-json\/wp\/v2\/media\/7032"}],"wp:attachment":[{"href":"https:\/\/beautypro.lv\/en\/wp-json\/wp\/v2\/media?parent=7145"}],"wp:term":[{"taxonomy":"product_brand","embeddable":true,"href":"https:\/\/beautypro.lv\/en\/wp-json\/wp\/v2\/product_brand?post=7145"},{"taxonomy":"product_cat","embeddable":true,"href":"https:\/\/beautypro.lv\/en\/wp-json\/wp\/v2\/product_cat?post=7145"},{"taxonomy":"product_tag","embeddable":true,"href":"https:\/\/beautypro.lv\/en\/wp-json\/wp\/v2\/product_tag?post=7145"}],"curies":[{"name":"wp","href":"https:\/\/api.w.org\/{rel}","templated":true}]}}