{"id":12565,"date":"2024-02-13T11:14:10","date_gmt":"2024-02-13T09:14:10","guid":{"rendered":"https:\/\/beautypro.lv\/product\/black-brown-%d1%80%d0%b5%d1%81%d0%bd%d0%b8%d1%86%d1%8b-0-05\/"},"modified":"2026-03-16T21:55:46","modified_gmt":"2026-03-16T19:55:46","slug":"black-brown-%d1%80%d0%b5%d1%81%d0%bd%d0%b8%d1%86%d1%8b-0-05","status":"publish","type":"product","link":"https:\/\/beautypro.lv\/ru\/\u043f\u0440\u043e\u0434\u0443\u043a\u0442\/black-brown-%d1%80%d0%b5%d1%81%d0%bd%d0%b8%d1%86%d1%8b-0-05\/","title":{"rendered":"Black Brown \u0440\u0435\u0441\u043d\u0438\u0446\u044b 0.05"},"content":{"rendered":"<p class=\"p1\">\u0420\u0435\u0432\u043e\u043b\u044e\u0446\u0438\u043e\u043d\u043d\u044b\u0439 \u043d\u043e\u0432\u044b\u0439 \u0442\u0435\u043c\u043d\u043e-\u043a\u043e\u0440\u0438\u0447\u043d\u0435\u0432\u044b\u0439 \u043e\u0442\u0442\u0435\u043d\u043e\u043a \u0440\u0435\u0441\u043d\u0438\u0446, \u0438\u0434\u0435\u0430\u043b\u044c\u043d\u043e \u043f\u043e\u0434\u0445\u043e\u0434\u044f\u0449\u0438\u0439 \u0434\u043b\u044f \u043e\u0431\u043b\u0430\u0434\u0430\u0442\u0435\u043b\u044c\u043d\u0438\u0446 \u0442\u0435\u043c\u043d\u043e\u0433\u043e \u0438 \u0441\u0432\u0435\u0442\u043b\u043e\u0433\u043e \u043e\u0442\u0442\u0435\u043d\u043a\u0430 \u043a\u043e\u0436\u0438.<\/p>\n<p class=\"p1\">\u042d\u0442\u0438 \u043d\u043e\u0432\u044b\u0435 \u0441\u0432\u0435\u0440\u0445\u043b\u0435\u0433\u043a\u0438\u0435 \u0440\u0435\u0441\u043d\u0438\u0446\u044b \u043e\u0431\u044f\u0437\u0430\u0442\u0435\u043b\u044c\u043d\u043e \u0434\u043e\u043b\u0436\u043d\u044b \u0431\u044b\u0442\u044c \u0432 \u0432\u0430\u0448\u0435\u0439 \u043a\u043e\u043b\u043b\u0435\u043a\u0446\u0438\u0438, \u0438 \u0432\u044b \u0438 \u0432\u0430\u0448\u0438 \u043a\u043b\u0438\u0435\u043d\u0442\u044b \u0431\u0443\u0434\u0435\u0442\u0435 \u0432 \u0432\u043e\u0441\u0442\u043e\u0440\u0433\u0435.<\/p>\n<p>\u0420\u0435\u0441\u043d\u0438\u0446\u044b \u0441\u043c\u0435\u0448\u0430\u043d\u043d\u043e\u0433\u043e \u0440\u0430\u0437\u043c\u0435\u0440\u0430 <b>0,05 Volume Mayfair Mink<\/b>\u00a0\u043e\u0447\u0435\u043d\u044c \u043b\u0435\u0433\u043a\u0438\u0435 \u0438 \u0442\u043e\u043d\u043a\u0438\u0435. \u0418\u0434\u0435\u0430\u043b\u044c\u043d\u043e \u043f\u043e\u0434\u0445\u043e\u0434\u0438\u0442 \u0434\u043b\u044f \u0438\u0437\u0433\u043e\u0442\u043e\u0432\u043b\u0435\u043d\u0438\u044f 2D-6D \u043f\u0443\u0447\u043a\u0438.<\/p>\n<p>London Lash Pro \u0432\u044b\u0431\u0438\u0440\u0430\u0435\u0442 \u043c\u0430\u0442\u0435\u0440\u0438\u0430\u043b\u044b \u043f\u0440\u0435\u043c\u0438\u0443\u043c-\u043a\u043b\u0430\u0441\u0441\u0430 \u0434\u043b\u044f \u043f\u0440\u043e\u0438\u0437\u0432\u043e\u0434\u0441\u0442\u0432\u0430 \u0440\u0435\u0441\u043d\u0438\u0446, \u043a\u043e\u0442\u043e\u0440\u044b\u0435 \u043f\u043e\u043d\u0440\u0430\u0432\u044f\u0442\u0441\u044f \u0432\u0430\u0448\u0438\u043c \u043a\u043b\u0438\u0435\u043d\u0442\u0430\u043c. \u0420\u0435\u0441\u043d\u0438\u0446\u044b \u043d\u0430\u0445\u043e\u0434\u044f\u0442\u0441\u044f \u043f\u043e\u0434 \u0441\u0442\u0440\u043e\u0433\u0438\u043c \u043a\u043e\u043d\u0442\u0440\u043e\u043b\u0435\u043c \u043a\u0430\u0447\u0435\u0441\u0442\u0432\u0430 \u0438 \u0438\u0437\u0433\u043e\u0442\u0430\u0432\u043b\u0438\u0432\u0430\u044e\u0442\u0441\u044f \u0441 \u0438\u0441\u043f\u043e\u043b\u044c\u0437\u043e\u0432\u0430\u043d\u0438\u0435\u043c \u0432\u044b\u0441\u043e\u043a\u043e\u0439 \u0442\u0435\u043c\u043f\u0435\u0440\u0430\u0442\u0443\u0440\u044b \u0434\u043b\u044f \u0441\u043e\u0437\u0434\u0430\u043d\u0438\u044f \u0438\u0437\u0433\u0438\u0431\u043e\u0432. \u042d\u0442\u043e \u0434\u0435\u043b\u0430\u0435\u0442 \u0440\u0435\u0441\u043d\u0438\u0446\u044b \u0442\u0435\u0440\u043c\u043e\u0441\u0442\u043e\u0439\u043a\u0438\u043c\u0438 \u0438 \u0432\u043e\u0434\u043e\u0441\u0442\u043e\u0439\u043a\u0438\u043c\u0438. \u0420\u0435\u0441\u043d\u0438\u0446\u044b \u0432\u044b\u0441\u0448\u0435\u0433\u043e \u043a\u0430\u0447\u0435\u0441\u0442\u0432\u0430 &#8212; \u0437\u0430\u043b\u043e\u0433 \u0443\u0441\u043f\u0435\u0445\u0430 \u043f\u0440\u043e\u0444\u0435\u0441\u0441\u0438\u043e\u043d\u0430\u043b\u044c\u043d\u043e\u0433\u043e \u043c\u0430\u0441\u0442\u0435\u0440\u0430.<\/p>\n<p><strong>16 miks\u0113tas l\u012bnijas ar garumiem no 8mm l\u012bdz 13mm<\/strong><\/p>\n<p class=\"p1\"><strong>\u042d\u0442\u043e\u0442 \u043f\u0440\u043e\u0434\u0443\u043a\u0442:<\/strong><\/p>\n<ul>\n<li class=\"p1\"><span class=\"s1\">\u0412\u0435\u0433\u0430\u043d<\/span><\/li>\n<li class=\"p1\"><span class=\"s1\">\u0431\u0435\u0437 \u043b\u0430\u0442\u0435\u043a\u0441\u0430<\/span><\/li>\n<li class=\"p1\"><span class=\"s1\">\u041d\u0435 \u0442\u0435\u0441\u0442\u0438\u0440\u0443\u0435\u0442\u0441\u044f \u043d\u0430 \u0436\u0438\u0432\u043e\u0442\u043d\u044b\u0445<\/span><\/li>\n<li class=\"p1\">\u043d\u0435 \u0441\u043e\u0434\u0435\u0440\u0436\u0438\u0442 \u0444\u043e\u0440\u043c\u0430\u043b\u044c\u0434\u0435\u0433\u0438\u0434\u044b<\/li>\n<\/ul>\n<p>\u0412\u0441\u0435 \u043d\u0430\u0448\u0438 \u0440\u0435\u0441\u043d\u0438\u0446\u044b \u0441\u0434\u0435\u043b\u0430\u043d\u044b \u0438\u0437 100% \u0441\u0438\u043d\u0442\u0435\u0442\u0438\u0447\u0435\u0441\u043a\u043e\u0433\u043e \u0432\u043e\u043b\u043e\u043a\u043d\u0430.<\/p>\n","protected":false},"excerpt":{"rendered":"<p class=\"p1\">\u0420\u0435\u0432\u043e\u043b\u044e\u0446\u0438\u043e\u043d\u043d\u044b\u0439 \u043d\u043e\u0432\u044b\u0439 \u0442\u0435\u043c\u043d\u043e-\u043a\u043e\u0440\u0438\u0447\u043d\u0435\u0432\u044b\u0439 \u043e\u0442\u0442\u0435\u043d\u043e\u043a \u0440\u0435\u0441\u043d\u0438\u0446, \u0438\u0434\u0435\u0430\u043b\u044c\u043d\u043e \u043f\u043e\u0434\u0445\u043e\u0434\u044f\u0449\u0438\u0439 \u0434\u043b\u044f \u043e\u0431\u043b\u0430\u0434\u0430\u0442\u0435\u043b\u044c\u043d\u0438\u0446 \u0442\u0435\u043c\u043d\u043e\u0433\u043e \u0438 \u0441\u0432\u0435\u0442\u043b\u043e\u0433\u043e \u043e\u0442\u0442\u0435\u043d\u043a\u0430 \u043a\u043e\u0436\u0438.<\/p>\n<p class=\"p1\">\u042d\u0442\u0438 \u043d\u043e\u0432\u044b\u0435 \u0441\u0432\u0435\u0440\u0445\u043b\u0435\u0433\u043a\u0438\u0435 \u0440\u0435\u0441\u043d\u0438\u0446\u044b \u043e\u0431\u044f\u0437\u0430\u0442\u0435\u043b\u044c\u043d\u043e \u0434\u043e\u043b\u0436\u043d\u044b \u0431\u044b\u0442\u044c \u0432 \u0432\u0430\u0448\u0435\u0439 \u043a\u043e\u043b\u043b\u0435\u043a\u0446\u0438\u0438, \u0438 \u0432\u044b \u0438 \u0432\u0430\u0448\u0438 \u043a\u043b\u0438\u0435\u043d\u0442\u044b \u0431\u0443\u0434\u0435\u0442\u0435 \u0432 \u0432\u043e\u0441\u0442\u043e\u0440\u0433\u0435.<\/p>\n<p>\u0420\u0435\u0441\u043d\u0438\u0446\u044b \u0441\u043c\u0435\u0448\u0430\u043d\u043d\u043e\u0433\u043e \u0440\u0430\u0437\u043c\u0435\u0440\u0430 <b>0,05 Volume Mayfair Mink<\/b>\u00a0\u043e\u0447\u0435\u043d\u044c \u043b\u0435\u0433\u043a\u0438\u0435 \u0438 \u0442\u043e\u043d\u043a\u0438\u0435. \u0418\u0434\u0435\u0430\u043b\u044c\u043d\u043e \u043f\u043e\u0434\u0445\u043e\u0434\u0438\u0442 \u0434\u043b\u044f \u0438\u0437\u0433\u043e\u0442\u043e\u0432\u043b\u0435\u043d\u0438\u044f 2D-6D \u043f\u0443\u0447\u043a\u0438.<\/p>\n<p>London Lash Pro \u0432\u044b\u0431\u0438\u0440\u0430\u0435\u0442 \u043c\u0430\u0442\u0435\u0440\u0438\u0430\u043b\u044b \u043f\u0440\u0435\u043c\u0438\u0443\u043c-\u043a\u043b\u0430\u0441\u0441\u0430 \u0434\u043b\u044f \u043f\u0440\u043e\u0438\u0437\u0432\u043e\u0434\u0441\u0442\u0432\u0430 \u0440\u0435\u0441\u043d\u0438\u0446, \u043a\u043e\u0442\u043e\u0440\u044b\u0435 \u043f\u043e\u043d\u0440\u0430\u0432\u044f\u0442\u0441\u044f \u0432\u0430\u0448\u0438\u043c \u043a\u043b\u0438\u0435\u043d\u0442\u0430\u043c. \u0420\u0435\u0441\u043d\u0438\u0446\u044b \u043d\u0430\u0445\u043e\u0434\u044f\u0442\u0441\u044f \u043f\u043e\u0434 \u0441\u0442\u0440\u043e\u0433\u0438\u043c \u043a\u043e\u043d\u0442\u0440\u043e\u043b\u0435\u043c \u043a\u0430\u0447\u0435\u0441\u0442\u0432\u0430 \u0438 \u0438\u0437\u0433\u043e\u0442\u0430\u0432\u043b\u0438\u0432\u0430\u044e\u0442\u0441\u044f \u0441 \u0438\u0441\u043f\u043e\u043b\u044c\u0437\u043e\u0432\u0430\u043d\u0438\u0435\u043c \u0432\u044b\u0441\u043e\u043a\u043e\u0439 \u0442\u0435\u043c\u043f\u0435\u0440\u0430\u0442\u0443\u0440\u044b \u0434\u043b\u044f \u0441\u043e\u0437\u0434\u0430\u043d\u0438\u044f \u0438\u0437\u0433\u0438\u0431\u043e\u0432. \u042d\u0442\u043e \u0434\u0435\u043b\u0430\u0435\u0442 \u0440\u0435\u0441\u043d\u0438\u0446\u044b \u0442\u0435\u0440\u043c\u043e\u0441\u0442\u043e\u0439\u043a\u0438\u043c\u0438 \u0438 \u0432\u043e\u0434\u043e\u0441\u0442\u043e\u0439\u043a\u0438\u043c\u0438. \u0420\u0435\u0441\u043d\u0438\u0446\u044b \u0432\u044b\u0441\u0448\u0435\u0433\u043e \u043a\u0430\u0447\u0435\u0441\u0442\u0432\u0430 &#8212; \u0437\u0430\u043b\u043e\u0433 \u0443\u0441\u043f\u0435\u0445\u0430 \u043f\u0440\u043e\u0444\u0435\u0441\u0441\u0438\u043e\u043d\u0430\u043b\u044c\u043d\u043e\u0433\u043e \u043c\u0430\u0441\u0442\u0435\u0440\u0430.<\/p>\n<p><strong>16 miks\u0113tas l\u012bnijas ar garumiem no 8mm l\u012bdz 13mm<\/strong><\/p>\n<p class=\"p1\"><strong>\u042d\u0442\u043e\u0442 \u043f\u0440\u043e\u0434\u0443\u043a\u0442:<\/strong><\/p>\n<ul>\n<li class=\"p1\"><span class=\"s1\">\u0412\u0435\u0433\u0430\u043d<\/span><\/li>\n<li class=\"p1\"><span class=\"s1\">\u0431\u0435\u0437 \u043b\u0430\u0442\u0435\u043a\u0441\u0430<\/span><\/li>\n<li class=\"p1\"><span class=\"s1\">\u041d\u0435 \u0442\u0435\u0441\u0442\u0438\u0440\u0443\u0435\u0442\u0441\u044f \u043d\u0430 \u0436\u0438\u0432\u043e\u0442\u043d\u044b\u0445<\/span><\/li>\n<li class=\"p1\">\u043d\u0435 \u0441\u043e\u0434\u0435\u0440\u0436\u0438\u0442 \u0444\u043e\u0440\u043c\u0430\u043b\u044c\u0434\u0435\u0433\u0438\u0434\u044b<\/li>\n<\/ul>\n<p>\u0412\u0441\u0435 \u043d\u0430\u0448\u0438 \u0440\u0435\u0441\u043d\u0438\u0446\u044b \u0441\u0434\u0435\u043b\u0430\u043d\u044b \u0438\u0437 100% \u0441\u0438\u043d\u0442\u0435\u0442\u0438\u0447\u0435\u0441\u043a\u043e\u0433\u043e \u0432\u043e\u043b\u043e\u043a\u043d\u0430.<\/p>\n","protected":false},"featured_media":10691,"comment_status":"open","ping_status":"closed","template":"","meta":{"jetpack_publicize_message":"","jetpack_publicize_feature_enabled":true,"jetpack_social_post_already_shared":true,"jetpack_social_options":{"image_generator_settings":{"template":"highway","default_image_id":0,"font":"","enabled":false},"version":2},"_wpas_customize_per_network":false},"product_brand":[2476],"product_cat":[2384],"product_tag":[2358],"class_list":{"0":"post-12565","1":"product","2":"type-product","3":"status-publish","4":"has-post-thumbnail","6":"product_brand-london-lash-ru","7":"product_cat-uncategorized","8":"product_tag-london-lash-ru","10":"first","11":"instock","12":"sale","13":"taxable","14":"shipping-taxable","15":"purchasable","16":"product-type-variable"},"jetpack_publicize_connections":[],"jetpack_sharing_enabled":true,"_links":{"self":[{"href":"https:\/\/beautypro.lv\/ru\/wp-json\/wp\/v2\/product\/12565","targetHints":{"allow":["GET"]}}],"collection":[{"href":"https:\/\/beautypro.lv\/ru\/wp-json\/wp\/v2\/product"}],"about":[{"href":"https:\/\/beautypro.lv\/ru\/wp-json\/wp\/v2\/types\/product"}],"replies":[{"embeddable":true,"href":"https:\/\/beautypro.lv\/ru\/wp-json\/wp\/v2\/comments?post=12565"}],"version-history":[{"count":1,"href":"https:\/\/beautypro.lv\/ru\/wp-json\/wp\/v2\/product\/12565\/revisions"}],"predecessor-version":[{"id":13781,"href":"https:\/\/beautypro.lv\/ru\/wp-json\/wp\/v2\/product\/12565\/revisions\/13781"}],"wp:featuredmedia":[{"embeddable":true,"href":"https:\/\/beautypro.lv\/ru\/wp-json\/wp\/v2\/media\/10691"}],"wp:attachment":[{"href":"https:\/\/beautypro.lv\/ru\/wp-json\/wp\/v2\/media?parent=12565"}],"wp:term":[{"taxonomy":"product_brand","embeddable":true,"href":"https:\/\/beautypro.lv\/ru\/wp-json\/wp\/v2\/product_brand?post=12565"},{"taxonomy":"product_cat","embeddable":true,"href":"https:\/\/beautypro.lv\/ru\/wp-json\/wp\/v2\/product_cat?post=12565"},{"taxonomy":"product_tag","embeddable":true,"href":"https:\/\/beautypro.lv\/ru\/wp-json\/wp\/v2\/product_tag?post=12565"}],"curies":[{"name":"wp","href":"https:\/\/api.w.org\/{rel}","templated":true}]}}